{"id":14720,"date":"2025-02-21T15:50:38","date_gmt":"2025-02-21T15:50:38","guid":{"rendered":"https:\/\/kickoffadvertising.com\/?page_id=14720"},"modified":"2025-08-28T03:17:17","modified_gmt":"2025-08-28T03:17:17","slug":"william-acuna","status":"publish","type":"page","link":"https:\/\/kickoffadvertising.com\/es\/william-acuna\/","title":{"rendered":"William Acu\u00f1a"},"content":{"rendered":"<div data-elementor-type=\"wp-page\" data-elementor-id=\"14720\" class=\"elementor elementor-14720\" data-elementor-post-type=\"page\">\n\t\t\t\t<div data-marvy_enable_drop_animation=\"false\" data-marvy_enable_fancy_rotate=\"false\" data-marvy_enable_flying_object=\"false\" data-marvy_enable_ripples_animation=\"false\" data-marvy_enable_waves_animation=\"false\" data-marvy_enable_rings_animation=\"false\" data-marvy_enable_topology_animation=\"false\" data-marvy_enable_gradient_animation=\"false\" data-marvy_enable_snow_animation=\"false\" data-marvy_enable_firework_animation=\"false\" data-marvy_enable_cloud_animation=\"false\" class=\"elementor-element elementor-element-4f229b6 e-flex e-con-boxed jltma-glass-effect-no wpr-particle-no wpr-jarallax-no wpr-parallax-no wpr-sticky-section-no e-con e-parent\" data-id=\"4f229b6\" data-element_type=\"container\" data-e-type=\"container\" data-settings=\"{&quot;background_background&quot;:&quot;gradient&quot;}\">\n\t\t\t\t\t<div class=\"e-con-inner\">\n\t\t<div data-marvy_enable_drop_animation=\"false\" data-marvy_enable_fancy_rotate=\"false\" data-marvy_enable_flying_object=\"false\" data-marvy_enable_ripples_animation=\"false\" data-marvy_enable_waves_animation=\"false\" data-marvy_enable_rings_animation=\"false\" data-marvy_enable_topology_animation=\"false\" data-marvy_enable_gradient_animation=\"false\" data-marvy_enable_snow_animation=\"false\" data-marvy_enable_firework_animation=\"false\" data-marvy_enable_cloud_animation=\"false\" class=\"elementor-element elementor-element-8e4da0c e-con-full e-flex jltma-glass-effect-no wpr-particle-no wpr-jarallax-no wpr-parallax-no wpr-sticky-section-no e-con e-child\" data-id=\"8e4da0c\" data-element_type=\"container\" data-e-type=\"container\">\n\t\t<div data-marvy_enable_drop_animation=\"false\" data-marvy_enable_fancy_rotate=\"false\" data-marvy_enable_flying_object=\"false\" data-marvy_enable_ripples_animation=\"false\" data-marvy_enable_waves_animation=\"false\" data-marvy_enable_rings_animation=\"false\" data-marvy_enable_topology_animation=\"false\" data-marvy_enable_gradient_animation=\"false\" data-marvy_enable_snow_animation=\"false\" data-marvy_enable_firework_animation=\"false\" data-marvy_enable_cloud_animation=\"false\" class=\"elementor-element elementor-element-68cf895 e-con-full e-flex jltma-glass-effect-no wpr-particle-no wpr-jarallax-no wpr-parallax-no wpr-sticky-section-no e-con e-child\" data-id=\"68cf895\" data-element_type=\"container\" data-e-type=\"container\">\n\t\t<div data-marvy_enable_drop_animation=\"false\" data-marvy_enable_fancy_rotate=\"false\" data-marvy_enable_flying_object=\"false\" data-marvy_enable_ripples_animation=\"false\" data-marvy_enable_waves_animation=\"false\" data-marvy_enable_rings_animation=\"false\" data-marvy_enable_topology_animation=\"false\" data-marvy_enable_gradient_animation=\"false\" data-marvy_enable_snow_animation=\"false\" data-marvy_enable_firework_animation=\"false\" data-marvy_enable_cloud_animation=\"false\" class=\"elementor-element elementor-element-4ec5c95 e-con-full e-flex jltma-glass-effect-no wpr-particle-no wpr-jarallax-no wpr-parallax-no wpr-sticky-section-no e-con e-child\" data-id=\"4ec5c95\" data-element_type=\"container\" data-e-type=\"container\">\n\t\t\t\t<div class=\"elementor-element elementor-element-6fd66e9 elementor-absolute jltma-glass-effect-no elementor-widget elementor-widget-image\" data-id=\"6fd66e9\" data-element_type=\"widget\" data-e-type=\"widget\" data-settings=\"{&quot;_position&quot;:&quot;absolute&quot;}\" data-widget_type=\"image.default\">\n\t\t\t\t<div class=\"elementor-widget-container\">\n\t\t\t\t\t\t\t\t\t\t\t\t\t\t\t<img fetchpriority=\"high\" decoding=\"async\" width=\"500\" height=\"500\" src=\"https:\/\/kickoffadvertising.com\/wp-content\/uploads\/2025\/05\/William-Acuna-Profile.png\" class=\"attachment-large size-large wp-image-17369\" alt=\"William-Acuna-Profile\" srcset=\"https:\/\/kickoffadvertising.com\/wp-content\/uploads\/2025\/05\/William-Acuna-Profile.png 500w, https:\/\/kickoffadvertising.com\/wp-content\/uploads\/2025\/05\/William-Acuna-Profile-300x300.png 300w, https:\/\/kickoffadvertising.com\/wp-content\/uploads\/2025\/05\/William-Acuna-Profile-150x150.png 150w\" sizes=\"(max-width: 500px) 100vw, 500px\" title=\"\">\t\t\t\t\t\t\t\t\t\t\t\t\t\t\t<\/div>\n\t\t\t\t<\/div>\n\t\t\t\t<div class=\"elementor-element elementor-element-491b1e3 jltma-glass-effect-no elementor-widget elementor-widget-html\" data-id=\"491b1e3\" data-element_type=\"widget\" data-e-type=\"widget\" data-widget_type=\"html.default\">\n\t\t\t\t<div class=\"elementor-widget-container\">\n\t\t\t\t\t<style>\n    .spinner {\n  background-image: linear-gradient(rgb(186, 66, 255) 35%,rgb(0, 225, 255));\n  width: 400px;\n  height: 400px;\n  animation: spinning82341 1.7s linear infinite;\n  text-align: center;\n  border-radius: 1000px;\n  filter: blur(1px);\n  box-shadow: 0px -5px 20px 0px rgb(186, 66, 255), 0px 5px 20px 0px rgb(0, 225, 255);\n}\n\n.spinner1 {\n  \n  width: 400px;\n  height: 400px;\n  border-radius: 1000px;\n  filter: blur(10px);\n}\n\n@keyframes spinning82341 {\n  to {\n    transform: rotate(360deg);\n  }\n}\n\n\/* \ud83d\udcf2 Tablets (pantallas hasta 1024px) *\/\n@media (max-width: 1024px) {\n  .spinner {\n    width: 290px;\n    height: 290px;\n    \n  }\n  \n  .spinner1 {\n    width: 290px;\n    height: 290px;\n    \n  }\n}\n\n\/* \ud83d\udcf1 Smartphones (pantallas hasta 767px) *\/\n@media (max-width: 767px) {\n  .spinner{\n    width: 330px;\n    height: 330px;\n    \n}\n\n.spinner{\n    width: 330px;\n    height: 330px;\n    \n}\n<\/style>\n\n<div class=\"spinner\">\n    <div class=\"spinner1\"><\/div>\n<\/div>\t\t\t\t<\/div>\n\t\t\t\t<\/div>\n\t\t\t\t<\/div>\n\t\t<div data-marvy_enable_drop_animation=\"false\" data-marvy_enable_fancy_rotate=\"false\" data-marvy_enable_flying_object=\"false\" data-marvy_enable_ripples_animation=\"false\" data-marvy_enable_waves_animation=\"false\" data-marvy_enable_rings_animation=\"false\" data-marvy_enable_topology_animation=\"false\" data-marvy_enable_gradient_animation=\"false\" data-marvy_enable_snow_animation=\"false\" data-marvy_enable_firework_animation=\"false\" data-marvy_enable_cloud_animation=\"false\" class=\"elementor-element elementor-element-4fd140d e-con-full e-flex jltma-glass-effect-no wpr-particle-no wpr-jarallax-no wpr-parallax-no wpr-sticky-section-no e-con e-child\" data-id=\"4fd140d\" data-element_type=\"container\" data-e-type=\"container\">\n\t\t<div data-marvy_enable_drop_animation=\"false\" data-marvy_enable_fancy_rotate=\"false\" data-marvy_enable_flying_object=\"false\" data-marvy_enable_ripples_animation=\"false\" data-marvy_enable_waves_animation=\"false\" data-marvy_enable_rings_animation=\"false\" data-marvy_enable_topology_animation=\"false\" data-marvy_enable_gradient_animation=\"false\" data-marvy_enable_snow_animation=\"false\" data-marvy_enable_firework_animation=\"false\" data-marvy_enable_cloud_animation=\"false\" class=\"elementor-element elementor-element-bd6c791 e-con-full e-flex jltma-glass-effect-no wpr-particle-no wpr-jarallax-no wpr-parallax-no wpr-sticky-section-no e-con e-child\" data-id=\"bd6c791\" data-element_type=\"container\" data-e-type=\"container\" data-settings=\"{&quot;background_background&quot;:&quot;classic&quot;}\">\n\t\t\t\t<div class=\"elementor-element elementor-element-cd100bd jltma-glass-effect-no elementor-widget elementor-widget-heading\" data-id=\"cd100bd\" data-element_type=\"widget\" data-e-type=\"widget\" data-widget_type=\"heading.default\">\n\t\t\t\t<div class=\"elementor-widget-container\">\n\t\t\t\t\t<h3 class=\"elementor-heading-title elementor-size-default\">William Acu\u00f1a<\/h3>\t\t\t\t<\/div>\n\t\t\t\t<\/div>\n\t\t\t\t<div class=\"elementor-element elementor-element-9c711c3 jltma-glass-effect-no elementor-widget elementor-widget-heading\" data-id=\"9c711c3\" data-element_type=\"widget\" data-e-type=\"widget\" data-widget_type=\"heading.default\">\n\t\t\t\t<div class=\"elementor-widget-container\">\n\t\t\t\t\t<h2 class=\"elementor-heading-title elementor-size-default\">Jefe de Ingenier\u00eda y Dise\u00f1o Web<\/h2>\t\t\t\t<\/div>\n\t\t\t\t<\/div>\n\t\t\t\t<\/div>\n\t\t\t\t<\/div>\n\t\t\t\t<\/div>\n\t\t<div data-marvy_enable_drop_animation=\"false\" data-marvy_enable_fancy_rotate=\"false\" data-marvy_enable_flying_object=\"false\" data-marvy_enable_ripples_animation=\"false\" data-marvy_enable_waves_animation=\"false\" data-marvy_enable_rings_animation=\"false\" data-marvy_enable_topology_animation=\"false\" data-marvy_enable_gradient_animation=\"false\" data-marvy_enable_snow_animation=\"false\" data-marvy_enable_firework_animation=\"false\" data-marvy_enable_cloud_animation=\"false\" class=\"elementor-element elementor-element-ca17192 e-con-full e-flex jltma-glass-effect-no wpr-particle-no wpr-jarallax-no wpr-parallax-no wpr-sticky-section-no e-con e-child\" data-id=\"ca17192\" data-element_type=\"container\" data-e-type=\"container\" data-settings=\"{&quot;background_background&quot;:&quot;classic&quot;}\">\n\t\t\t\t<div class=\"elementor-element elementor-element-2905be4 jltma-glass-effect-no elementor-widget elementor-widget-text-editor\" data-id=\"2905be4\" data-element_type=\"widget\" data-e-type=\"widget\" data-widget_type=\"text-editor.default\">\n\t\t\t\t<div class=\"elementor-widget-container\">\n\t\t\t\t\t\t\t\t\t<div class=\"team-details-about mb-45\"><h3 class=\"team-details-about-title tp-el-bio-title\">Sobre m\u00ed<\/h3><p class=\"tp-el-bio-des\">I&#8217;m William Acu\u00f1a, a digital creator with the soul of an explorer, born in Bogot\u00e1, Colombia. For over 10 years, I&#8217;ve been dedicated to building visual and functional experiences in the digital world, specializing in website design, UX\/UI and SEO strategies. As a multimedia developer, my focus is not only to design, but to tell stories, convey emotions and ensure that each project has an impact.<br \/><br \/>My background ranges from conceptualization and design of intuitive interfaces to search engine optimization. I am passionate about understanding user behavior and creating solutions that are not only aesthetically appealing, but also generate results. My experience in audiovisual production has allowed me to integrate video, photography and animation in my projects, enhancing the visual narrative and identity of each brand I work with.<br \/><br \/>But my creativity goes beyond digital. Photography is one of my great passions; I love capturing moments, playing with light and telling stories through images. I also find inspiration in the art of cocktail making, experimenting with flavors, textures and aromas to create unique sensory experiences.<br \/><br \/>Work-life balance is key for me. I love sports, especially cross country, a discipline in which I not only train, but have also competed in local events, challenging my own limits in each race. And when I need a break, I dive into the world of video games, where creativity and strategy combine in fascinating scenarios.<br \/><br \/>However, my greatest inspiration comes from home: my son, a true genius in the making, who motivates me every day to keep learning and exploring new ways to create. His infinite curiosity and capacity for wonder remind me that innovation comes from imagination and that learning never ends.<br \/><br \/>I am passionate about technology, design and creativity in all its forms. I am motivated by the challenge of transforming ideas into digital experiences, connecting with people through design and leaving a footprint in every project I undertake. Because, in the end, everything I create carries a bit of my essence: a mix of strategy, aesthetics and passion.<\/p><\/div>\t\t\t\t\t\t\t\t<\/div>\n\t\t\t\t<\/div>\n\t\t\t\t<\/div>\n\t\t\t\t<\/div>\n\t\t\t\t\t<\/div>\n\t\t\t\t<\/div>\n\t\t\t\t<\/div>","protected":false},"excerpt":{"rendered":"<p>William Acu\u00f1a Head of Web Engineering &amp; Design About Me I&#8217;m William Acu\u00f1a, a digital creator with the soul of an explorer, born in Bogot\u00e1, Colombia. For over 10 years, I&#8217;ve been dedicated to building visual and functional experiences in the digital world, specializing in website design, UX\/UI and SEO strategies. As a multimedia developer, my focus is not only to design, but to tell stories, convey emotions and ensure that each project has an impact. My background ranges from conceptualization and design of intuitive interfaces to search engine optimization. I am passionate about understanding user behavior and creating solutions that are not only aesthetically appealing, but also generate results. My experience in audiovisual production has allowed me to integrate video, photography and animation in my projects, enhancing the visual narrative and identity of each brand I work with. But my creativity goes beyond digital. Photography is one of my great passions; I love capturing moments, playing with light and telling stories through images. I also find inspiration in the art of cocktail making, experimenting with flavors, textures and aromas to create unique sensory experiences. Work-life balance is key for me. I love sports, especially cross country, a discipline in which I not only train, but have also competed in local events, challenging my own limits in each race. And when I need a break, I dive into the world of video games, where creativity and strategy combine in fascinating scenarios. However, my greatest inspiration comes from home: my son, a true genius in the making, who motivates me every day to keep learning and exploring new ways to create. His infinite curiosity and capacity for wonder remind me that innovation comes from imagination and that learning never ends. I am passionate about technology, design and creativity in all its forms. I am motivated by the challenge of transforming ideas into digital experiences, connecting with people through design and leaving a footprint in every project I undertake. Because, in the end, everything I create carries a bit of my essence: a mix of strategy, aesthetics and passion.<\/p>","protected":false},"author":2,"featured_media":0,"parent":0,"menu_order":0,"comment_status":"closed","ping_status":"closed","template":"elementor_header_footer","meta":{"_acf_changed":false,"content-type":"","footnotes":""},"class_list":["post-14720","page","type-page","status-publish","hentry"],"acf":[],"_links":{"self":[{"href":"https:\/\/kickoffadvertising.com\/es\/wp-json\/wp\/v2\/pages\/14720","targetHints":{"allow":["GET"]}}],"collection":[{"href":"https:\/\/kickoffadvertising.com\/es\/wp-json\/wp\/v2\/pages"}],"about":[{"href":"https:\/\/kickoffadvertising.com\/es\/wp-json\/wp\/v2\/types\/page"}],"author":[{"embeddable":true,"href":"https:\/\/kickoffadvertising.com\/es\/wp-json\/wp\/v2\/users\/2"}],"replies":[{"embeddable":true,"href":"https:\/\/kickoffadvertising.com\/es\/wp-json\/wp\/v2\/comments?post=14720"}],"version-history":[{"count":0,"href":"https:\/\/kickoffadvertising.com\/es\/wp-json\/wp\/v2\/pages\/14720\/revisions"}],"wp:attachment":[{"href":"https:\/\/kickoffadvertising.com\/es\/wp-json\/wp\/v2\/media?parent=14720"}],"curies":[{"name":"wp","href":"https:\/\/api.w.org\/{rel}","templated":true}]}}