{"id":12355,"date":"2025-02-04T14:10:02","date_gmt":"2025-02-04T14:10:02","guid":{"rendered":"https:\/\/kickoffadvertising.com\/?page_id=12355"},"modified":"2025-12-29T14:14:56","modified_gmt":"2025-12-29T14:14:56","slug":"fabian-zapata","status":"publish","type":"page","link":"https:\/\/kickoffadvertising.com\/es\/fabian-zapata\/","title":{"rendered":"Fabi\u00e1n Zapata"},"content":{"rendered":"<div data-elementor-type=\"wp-page\" data-elementor-id=\"12355\" class=\"elementor elementor-12355\" data-elementor-post-type=\"page\">\n\t\t\t\t\t\t<section data-marvy_enable_drop_animation=\"false\" data-marvy_enable_fancy_rotate=\"false\" data-marvy_enable_flying_object=\"false\" data-marvy_enable_ripples_animation=\"false\" data-marvy_enable_waves_animation=\"false\" data-marvy_enable_rings_animation=\"false\" data-marvy_enable_topology_animation=\"false\" data-marvy_enable_gradient_animation=\"false\" data-marvy_enable_snow_animation=\"false\" data-marvy_enable_firework_animation=\"false\" data-marvy_enable_cloud_animation=\"false\" class=\"elementor-section elementor-top-section elementor-element elementor-element-382ce2b elementor-section-full_width elementor-section-height-default elementor-section-height-default wpr-particle-no wpr-jarallax-no wpr-parallax-no wpr-sticky-section-no jltma-glass-effect-no\" data-id=\"382ce2b\" data-element_type=\"section\" data-e-type=\"section\">\n\t\t\t\t\t\t<div class=\"elementor-container elementor-column-gap-no\">\n\t\t\t\t\t<div class=\"elementor-column elementor-col-100 elementor-top-column elementor-element elementor-element-7fcbbf6 jltma-glass-effect-no\" data-id=\"7fcbbf6\" data-element_type=\"column\" data-e-type=\"column\">\n\t\t\t<div class=\"elementor-widget-wrap elementor-element-populated\">\n\t\t\t\t\t\t<div class=\"elementor-element elementor-element-eb670bf jltma-glass-effect-no elementor-widget elementor-widget-tp-team-details\" data-id=\"eb670bf\" data-element_type=\"widget\" data-e-type=\"widget\" data-widget_type=\"tp-team-details.default\">\n\t\t\t\t<div class=\"elementor-widget-container\">\n\t\t\t\t\t\r\n\r\n\r\n<section class=\"team-area team-details-bg pt-200 pb-100 ele-section\" >\r\n    <div class=\"container\">\r\n        <div class=\"row justify-content-center\">\r\n            <div class=\"col-xl-8 col-lg-10 col-md-11 col-12\">\r\n                <div class=\"team-details p-relative\">\r\n                    <div class=\"team-details-info d-flex align-items-center mb-50\">\r\n                                                <div class=\"team-details-thumb\">\r\n                            <img decoding=\"async\" src=\"https:\/\/kickoffadvertising.com\/wp-content\/uploads\/2025\/02\/Fabian-Zapata-Profile.png\" alt=\"Fabi\u00e1n Zapata Profile\" title=\"\">\r\n                        <\/div>\r\n                                                <div class=\"team-details-content\">\r\n                                                        <span class=\"team-details-position tp-el-subtitle\">Fabi\u00e1n Zapata<\/span>\r\n                                                        <h1 class=\"team-details-title tp-el-title\">Web Infrastructure<\/h1>                            \r\n                                                        <div class=\"contact-info\">\r\n                                                                                                <a class=\"team-details-email tp-el-con-info\" href=\"tel:\"><\/a>\r\n                                                            <\/div>\r\n                            \r\n                            <div class=\"team-details-social mt-30\">\r\n                                <a class=\"tp-el-social\" target=\"_blank\" rel=\"noopener\" href=\"https:\/\/www.linkedin.com\/company\/kick-off-advertising\/\"><i class=\"fa-brands fa-linkedin\"><\/i><\/a>                            <\/div>\r\n                        <\/div>\r\n                    <\/div>\r\n                    <div class=\"team-details-about mb-45\">\r\n                                                <h3 class=\"team-details-about-title tp-el-bio-title\">Sobre m\u00ed<\/h3>\r\n                                                                        <p class=\"tp-el-bio-des\">Hello! I'm Fabi\u00e1n, born in the Medell\u00edn city and with more than 15 years of experience in interface design, user design and front-end. I've always been passionate about the world of design and technology, that's why I studied Visual Design, although I didn't stop there: I love to keep learning every day and exploring new trends in my field.\nThroughout my career, I have worked in large corporations, startups and small companies, which has allowed me to face all kinds of challenges and gain a broad vision on how to create functional and engaging digital experiences. I consider myself someone curious, detail-oriented and always looking to improve what I do.\nBeyond work, I enjoy reading, movies, anime and motorcycles, which are one of my great passions.\n\n<\/p>\r\n                                            <\/div>\r\n                    <div class=\"team-details-exprience\">\r\n                                                                        <ul>\r\n                                                    <\/ul>\r\n                    <\/div>\r\n                    <div class=\"team-details-shape\">\r\n                                                <img decoding=\"async\" class=\"team-details-shape-1\" src=\"https:\/\/kickoffadvertising.com\/wp-content\/uploads\/2023\/09\/about-inner-shape-2.png\" alt=\"\" title=\"\">\r\n                                                                        <img decoding=\"async\" class=\"team-details-shape-2\" src=\"https:\/\/kickoffadvertising.com\/wp-content\/uploads\/2023\/09\/team-details-shape-1-150x150.png\" alt=\"\" title=\"\">\r\n                                                                        <img decoding=\"async\" class=\"team-details-shape-3\" src=\"https:\/\/kickoffadvertising.com\/wp-content\/uploads\/2023\/09\/team-details-shape-2.png\" alt=\"\" title=\"\">\r\n                                            <\/div>\r\n                <\/div>\r\n            <\/div>\r\n        <\/div>\r\n    <\/div>\r\n<\/section>\r\n\r\n\t\t\t\t<\/div>\n\t\t\t\t<\/div>\n\t\t\t\t\t<\/div>\n\t\t<\/div>\n\t\t\t\t\t<\/div>\n\t\t<\/section>\n\t\t\t\t<\/div>","protected":false},"excerpt":{"rendered":"<p>Fabi\u00e1n Zapata Web Infrastructure About Me Hello! I&#8217;m Fabi\u00e1n, born in the Medell\u00edn city and with more than 15 years of experience in interface design, user design and front-end. I&#8217;ve always been passionate about the world of design and technology, that&#8217;s why I studied Visual Design, although I didn&#8217;t stop there: I love to keep learning every day and exploring new trends in my field. Throughout my career, I have worked in large corporations, startups and small companies, which has allowed me to face all kinds of challenges and gain a broad vision on how to create functional and engaging digital experiences. I consider myself someone curious, detail-oriented and always looking to improve what I do. Beyond work, I enjoy reading, movies, anime and motorcycles, which are one of my great passions.<\/p>","protected":false},"author":2,"featured_media":0,"parent":0,"menu_order":0,"comment_status":"closed","ping_status":"closed","template":"elementor_header_footer","meta":{"_acf_changed":false,"content-type":"","footnotes":""},"class_list":["post-12355","page","type-page","status-publish","hentry"],"acf":[],"_links":{"self":[{"href":"https:\/\/kickoffadvertising.com\/es\/wp-json\/wp\/v2\/pages\/12355","targetHints":{"allow":["GET"]}}],"collection":[{"href":"https:\/\/kickoffadvertising.com\/es\/wp-json\/wp\/v2\/pages"}],"about":[{"href":"https:\/\/kickoffadvertising.com\/es\/wp-json\/wp\/v2\/types\/page"}],"author":[{"embeddable":true,"href":"https:\/\/kickoffadvertising.com\/es\/wp-json\/wp\/v2\/users\/2"}],"replies":[{"embeddable":true,"href":"https:\/\/kickoffadvertising.com\/es\/wp-json\/wp\/v2\/comments?post=12355"}],"version-history":[{"count":0,"href":"https:\/\/kickoffadvertising.com\/es\/wp-json\/wp\/v2\/pages\/12355\/revisions"}],"wp:attachment":[{"href":"https:\/\/kickoffadvertising.com\/es\/wp-json\/wp\/v2\/media?parent=12355"}],"curies":[{"name":"wp","href":"https:\/\/api.w.org\/{rel}","templated":true}]}}